{"id":773,"date":"2019-11-23T04:47:52","date_gmt":"2019-11-23T04:47:52","guid":{"rendered":"https:\/\/manutan.pt\/blog\/?page_id=773"},"modified":"2022-10-07T14:48:28","modified_gmt":"2022-10-07T13:48:28","slug":"agilice-cartera-proveedores","status":"publish","type":"page","link":"https:\/\/www.manutan.es\/blog\/agilice-cartera-proveedores\/","title":{"rendered":"Agilice su Cartera de Proveedores"},"content":{"rendered":"\t\t<div data-elementor-type=\"wp-page\" data-elementor-id=\"773\" class=\"elementor elementor-773\" data-elementor-settings=\"[]\">\n\t\t\t<div class=\"elementor-inner\">\n\t\t\t\t<div class=\"elementor-section-wrap\">\n\t\t\t\t\t\t\t<section class=\"elementor-element elementor-element-432255e elementor-section-boxed elementor-section-height-default elementor-section-height-default elementor-section elementor-top-section\" data-id=\"432255e\" data-element_type=\"section\">\n\t\t\t\t\t\t<div class=\"elementor-container elementor-column-gap-default\">\n\t\t\t\t<div class=\"elementor-row\">\n\t\t\t\t<div class=\"elementor-element elementor-element-3812f3a elementor-column elementor-col-50 elementor-top-column\" data-id=\"3812f3a\" data-element_type=\"column\">\n\t\t\t<div class=\"elementor-column-wrap  elementor-element-populated\">\n\t\t\t\t\t<div class=\"elementor-widget-wrap\">\n\t\t\t\t<section class=\"elementor-element elementor-element-a1db38d elementor-section-boxed elementor-section-height-default elementor-section-height-default elementor-section elementor-inner-section\" data-id=\"a1db38d\" data-element_type=\"section\">\n\t\t\t\t\t\t<div class=\"elementor-container elementor-column-gap-default\">\n\t\t\t\t<div class=\"elementor-row\">\n\t\t\t\t<div class=\"elementor-element elementor-element-dc6d147 elementor-column elementor-col-100 elementor-inner-column\" data-id=\"dc6d147\" data-element_type=\"column\">\n\t\t\t<div class=\"elementor-column-wrap  elementor-element-populated\">\n\t\t\t\t\t<div class=\"elementor-widget-wrap\">\n\t\t\t\t<div class=\"elementor-element elementor-element-f4197a0 elementor-widget elementor-widget-heading\" data-id=\"f4197a0\" data-element_type=\"widget\" data-widget_type=\"heading.default\">\n\t\t\t\t<div class=\"elementor-widget-container\">\n\t\t\t<h1 class=\"elementor-heading-title elementor-size-default\">Agilice su Cartera de Proveedores<\/h1>\t\t<\/div>\n\t\t\t\t<\/div>\n\t\t\t\t<div class=\"elementor-element elementor-element-7c80d2f elementor-widget elementor-widget-text-editor\" data-id=\"7c80d2f\" data-element_type=\"widget\" data-widget_type=\"text-editor.default\">\n\t\t\t\t<div class=\"elementor-widget-container\">\n\t\t\t\t\t<div class=\"elementor-text-editor elementor-clearfix\"><p><span style=\"color: #565657;\"><strong>Un factor clave para optimizar sus compras indirectas y generar ahorros.<\/strong><\/span><\/p><p><span style=\"color: #565657;\">Reducir su cartera de proveedores de compras de clase C es una garant\u00eda de rendimiento y competitividad.<\/span><\/p><p><span style=\"color: #565657;\">En este White Paper gratuito encontrar\u00e1:<\/span><\/p><\/div>\n\t\t\t\t<\/div>\n\t\t\t\t<\/div>\n\t\t\t\t\t\t<\/div>\n\t\t\t<\/div>\n\t\t<\/div>\n\t\t\t\t\t\t<\/div>\n\t\t\t<\/div>\n\t\t<\/section>\n\t\t\t\t<section class=\"elementor-element elementor-element-dbc01a3 elementor-section-boxed elementor-section-height-default elementor-section-height-default elementor-section elementor-inner-section\" data-id=\"dbc01a3\" data-element_type=\"section\">\n\t\t\t\t\t\t<div class=\"elementor-container elementor-column-gap-default\">\n\t\t\t\t<div class=\"elementor-row\">\n\t\t\t\t<div class=\"elementor-element elementor-element-f93bff5 elementor-column elementor-col-33 elementor-inner-column\" data-id=\"f93bff5\" data-element_type=\"column\">\n\t\t\t<div class=\"elementor-column-wrap  elementor-element-populated\">\n\t\t\t\t\t<div class=\"elementor-widget-wrap\">\n\t\t\t\t<div class=\"elementor-element elementor-element-a3b3f94 elementor-widget elementor-widget-image\" data-id=\"a3b3f94\" data-element_type=\"widget\" data-widget_type=\"image.default\">\n\t\t\t\t<div class=\"elementor-widget-container\">\n\t\t\t\t\t<div class=\"elementor-image\">\n\t\t\t\t\t\t\t\t\t\t<img src=\"https:\/\/www.manutan.es\/blog\/wp-content\/uploads\/elementor\/thumbs\/visao-manutan-icon-pa72gylh946xieh6x3u7ecxtkiiq2nvsbvvp4axhc0.png\" title=\"visao-manutan-icon\" alt=\"visao-manutan-icon\" \/>\t\t\t\t\t\t\t\t\t\t\t<\/div>\n\t\t\t\t<\/div>\n\t\t\t\t<\/div>\n\t\t\t\t<div class=\"elementor-element elementor-element-b01d952 elementor-widget elementor-widget-heading\" data-id=\"b01d952\" data-element_type=\"widget\" data-widget_type=\"heading.default\">\n\t\t\t\t<div class=\"elementor-widget-container\">\n\t\t\t<p class=\"elementor-heading-title elementor-size-default\">La definici\u00f3n de costos ocultos y problemas de control<\/p>\t\t<\/div>\n\t\t\t\t<\/div>\n\t\t\t\t\t\t<\/div>\n\t\t\t<\/div>\n\t\t<\/div>\n\t\t\t\t<div class=\"elementor-element elementor-element-0dc1a85 elementor-column elementor-col-33 elementor-inner-column\" data-id=\"0dc1a85\" data-element_type=\"column\">\n\t\t\t<div class=\"elementor-column-wrap  elementor-element-populated\">\n\t\t\t\t\t<div class=\"elementor-widget-wrap\">\n\t\t\t\t<div class=\"elementor-element elementor-element-6eecbea elementor-widget elementor-widget-image\" data-id=\"6eecbea\" data-element_type=\"widget\" data-widget_type=\"image.default\">\n\t\t\t\t<div class=\"elementor-widget-container\">\n\t\t\t\t\t<div class=\"elementor-image\">\n\t\t\t\t\t\t\t\t\t\t<img src=\"https:\/\/www.manutan.es\/blog\/wp-content\/uploads\/elementor\/thumbs\/alavanca-empresa-manutan-icon-pa72gzjd5chkr3kmdhac6r5yi0s6pqr3df0pbymuby.png\" title=\"alavanca-empresa-manutan-icon\" alt=\"alavanca-empresa-manutan-icon\" \/>\t\t\t\t\t\t\t\t\t\t\t<\/div>\n\t\t\t\t<\/div>\n\t\t\t\t<\/div>\n\t\t\t\t<div class=\"elementor-element elementor-element-080988e elementor-widget elementor-widget-heading\" data-id=\"080988e\" data-element_type=\"widget\" data-widget_type=\"heading.default\">\n\t\t\t\t<div class=\"elementor-widget-container\">\n\t\t\t<p class=\"elementor-heading-title elementor-size-default\">Un enfoque en c\u00f3mo administrar los proveedores de su empresa<\/p>\t\t<\/div>\n\t\t\t\t<\/div>\n\t\t\t\t\t\t<\/div>\n\t\t\t<\/div>\n\t\t<\/div>\n\t\t\t\t<div class=\"elementor-element elementor-element-0d8a15f elementor-column elementor-col-33 elementor-inner-column\" data-id=\"0d8a15f\" data-element_type=\"column\">\n\t\t\t<div class=\"elementor-column-wrap  elementor-element-populated\">\n\t\t\t\t\t<div class=\"elementor-widget-wrap\">\n\t\t\t\t<div class=\"elementor-element elementor-element-478981b elementor-widget elementor-widget-image\" data-id=\"478981b\" data-element_type=\"widget\" data-widget_type=\"image.default\">\n\t\t\t\t<div class=\"elementor-widget-container\">\n\t\t\t\t\t<div class=\"elementor-image\">\n\t\t\t\t\t\t\t\t\t\t<img src=\"https:\/\/www.manutan.es\/blog\/wp-content\/uploads\/elementor\/thumbs\/case-study-manutan-icon-pa72gzjbfy87u0ftrm8tyupa5we3aczio0j6lkw35s.png\" title=\"case-study-manutan-icon\" alt=\"case-study-manutan-icon\" \/>\t\t\t\t\t\t\t\t\t\t\t<\/div>\n\t\t\t\t<\/div>\n\t\t\t\t<\/div>\n\t\t\t\t<div class=\"elementor-element elementor-element-f6a4f52 elementor-widget elementor-widget-heading\" data-id=\"f6a4f52\" data-element_type=\"widget\" data-widget_type=\"heading.default\">\n\t\t\t\t<div class=\"elementor-widget-container\">\n\t\t\t<p class=\"elementor-heading-title elementor-size-default\">La demonstraci\u00f3n de un caso concreto de un cliente que ahorr\u00f3 el 44% de los costos<\/p>\t\t<\/div>\n\t\t\t\t<\/div>\n\t\t\t\t\t\t<\/div>\n\t\t\t<\/div>\n\t\t<\/div>\n\t\t\t\t\t\t<\/div>\n\t\t\t<\/div>\n\t\t<\/section>\n\t\t\t\t<section class=\"elementor-element elementor-element-2b6029e elementor-section-boxed elementor-section-height-default elementor-section-height-default elementor-section elementor-inner-section\" data-id=\"2b6029e\" data-element_type=\"section\">\n\t\t\t\t\t\t<div class=\"elementor-container elementor-column-gap-default\">\n\t\t\t\t<div class=\"elementor-row\">\n\t\t\t\t<div class=\"elementor-element elementor-element-5a66d26 elementor-column elementor-col-100 elementor-inner-column\" data-id=\"5a66d26\" data-element_type=\"column\">\n\t\t\t<div class=\"elementor-column-wrap  elementor-element-populated\">\n\t\t\t\t\t<div class=\"elementor-widget-wrap\">\n\t\t\t\t<div class=\"elementor-element elementor-element-076cd6e elementor-widget elementor-widget-spacer\" data-id=\"076cd6e\" data-element_type=\"widget\" data-widget_type=\"spacer.default\">\n\t\t\t\t<div class=\"elementor-widget-container\">\n\t\t\t\t\t<div class=\"elementor-spacer\">\n\t\t\t<div class=\"elementor-spacer-inner\"><\/div>\n\t\t<\/div>\n\t\t\t\t<\/div>\n\t\t\t\t<\/div>\n\t\t\t\t<div class=\"elementor-element elementor-element-89ae3d2 elementor-widget elementor-widget-image\" data-id=\"89ae3d2\" data-element_type=\"widget\" data-widget_type=\"image.default\">\n\t\t\t\t<div class=\"elementor-widget-container\">\n\t\t\t\t\t<div class=\"elementor-image\">\n\t\t\t\t\t\t\t\t\t\t<img width=\"400\" height=\"361\" src=\"https:\/\/www.manutan.es\/blog\/wp-content\/uploads\/2019\/11\/header_landing_achats_indirects.png\" class=\"attachment-large size-large\" alt=\"\" loading=\"lazy\" srcset=\"https:\/\/www.manutan.es\/blog\/wp-content\/uploads\/2019\/11\/header_landing_achats_indirects.png 400w, https:\/\/www.manutan.es\/blog\/wp-content\/uploads\/2019\/11\/header_landing_achats_indirects-300x271.png 300w\" sizes=\"100vw\" \/>\t\t\t\t\t\t\t\t\t\t\t<\/div>\n\t\t\t\t<\/div>\n\t\t\t\t<\/div>\n\t\t\t\t\t\t<\/div>\n\t\t\t<\/div>\n\t\t<\/div>\n\t\t\t\t\t\t<\/div>\n\t\t\t<\/div>\n\t\t<\/section>\n\t\t\t\t\t\t<\/div>\n\t\t\t<\/div>\n\t\t<\/div>\n\t\t\t\t<div class=\"elementor-element elementor-element-8a1a63f elementor-column elementor-col-50 elementor-top-column\" data-id=\"8a1a63f\" data-element_type=\"column\">\n\t\t\t<div class=\"elementor-column-wrap  elementor-element-populated\">\n\t\t\t\t\t<div class=\"elementor-widget-wrap\">\n\t\t\t\t<div class=\"elementor-element elementor-element-2a0d4f4 contact-form-white-pages elementor-widget elementor-widget-shortcode\" data-id=\"2a0d4f4\" data-element_type=\"widget\" data-widget_type=\"shortcode.default\">\n\t\t\t\t<div class=\"elementor-widget-container\">\n\t\t\t\t\t<div class=\"elementor-shortcode\"><div role=\"form\" class=\"wpcf7\" id=\"wpcf7-f160-o1\" lang=\"en-GB\" dir=\"ltr\">\n<div class=\"screen-reader-response\"><\/div>\n<form action=\"\/blog\/wp-json\/wp\/v2\/pages\/773#wpcf7-f160-o1\" method=\"post\" class=\"wpcf7-form\" novalidate=\"novalidate\">\n<div style=\"display: none;\">\n<input type=\"hidden\" name=\"_wpcf7\" value=\"160\" \/>\n<input type=\"hidden\" name=\"_wpcf7_version\" value=\"5.1.5\" \/>\n<input type=\"hidden\" name=\"_wpcf7_locale\" value=\"en_GB\" \/>\n<input type=\"hidden\" name=\"_wpcf7_unit_tag\" value=\"wpcf7-f160-o1\" \/>\n<input type=\"hidden\" name=\"_wpcf7_container_post\" value=\"0\" \/>\n<\/div>\n<div class=\"row\">\n<div class=\"white-paper-container-bg\">\n<div style=\"display: none;\">\n<\/div>\n<div class=\"col-md-12\">\n<h2>Haz el download gratis:<\/h2>\n<\/p><\/div>\n<div class=\"col-md-12\">\n<input type=\"hidden\" name=\"current-url\" value=\"\" class=\"wpcf7-form-control wpcf7-hidden\" \/><\/div>\n<div class=\"col-md-12\">\n<input type=\"hidden\" name=\"source-url\" value=\"\" class=\"wpcf7-form-control wpcf7-hidden\" \/><\/div>\n<div class=\"col-md-12\">\n<input type=\"hidden\" name=\"sisco-id\" value=\"ES1\" class=\"wpcf7-form-control wpcf7-hidden\" \/><\/div>\n<div class=\"col-md-12\">\n<input type=\"hidden\" name=\"sisco-mail\" value=\"alexandra.costa@manutan.pt\" class=\"wpcf7-form-control wpcf7-hidden\" \/><\/div>\n<div class=\"col-md-12\">\n            <span class=\"wpcf7-form-control-wrap your-name\"><input type=\"text\" name=\"your-name\" value=\"\" size=\"40\" class=\"wpcf7-form-control wpcf7-text wpcf7-validates-as-required\" aria-required=\"true\" aria-invalid=\"false\" placeholder=\"Nombre*\" \/><\/span>\n        <\/div>\n<div class=\"col-md-12\">\n            <span class=\"wpcf7-form-control-wrap your-surname\"><input type=\"text\" name=\"your-surname\" value=\"\" size=\"40\" class=\"wpcf7-form-control wpcf7-text wpcf7-validates-as-required\" aria-required=\"true\" aria-invalid=\"false\" placeholder=\"Apellido*\" \/><\/span>\n        <\/div>\n<div class=\"col-md-12\">\n            <span class=\"wpcf7-form-control-wrap your-company\"><input type=\"text\" name=\"your-company\" value=\"\" size=\"40\" class=\"wpcf7-form-control wpcf7-text wpcf7-validates-as-required\" aria-required=\"true\" aria-invalid=\"false\" placeholder=\"Empresa*\" \/><\/span>\n        <\/div>\n<div class=\"col-md-12\">\n            <span class=\"wpcf7-form-control-wrap your-email\"><input type=\"email\" name=\"your-email\" value=\"\" size=\"40\" class=\"wpcf7-form-control wpcf7-text wpcf7-email wpcf7-validates-as-required wpcf7-validates-as-email\" aria-required=\"true\" aria-invalid=\"false\" placeholder=\"Correo Electr\u00f3nico*\" \/><\/span>\n        <\/div>\n<div class=\"col-md-12\">\n            <span class=\"wpcf7-form-control-wrap your-phone\"><input type=\"tel\" name=\"your-phone\" value=\"\" size=\"40\" maxlength=\"9\" minlength=\"9\" class=\"wpcf7-form-control wpcf7-text wpcf7-tel wpcf7-validates-as-required wpcf7-validates-as-tel\" aria-required=\"true\" aria-invalid=\"false\" placeholder=\"Tel\u00e9fono*\" \/><\/span>\n        <\/div>\n<div class=\"col-md-12\">\n            <span class=\"wpcf7-form-control-wrap your-function\"><select name=\"your-function\" class=\"wpcf7-form-control wpcf7-select wpcf7-validates-as-required\" aria-required=\"true\" aria-invalid=\"false\"><option value=\"Funci\u00f3n*\">Funci\u00f3n*<\/option><option value=\"Diretor Geral\">Diretor Geral<\/option><option value=\"Director administrativo o financiero\">Director administrativo o financiero<\/option><option value=\"Diretor de compras\">Diretor de compras<\/option><option value=\"Jefe de departamento\">Jefe de departamento<\/option><option value=\"Jefe de Proyecto\">Jefe de Proyecto<\/option><option value=\"Asistente de compras\/administraci\u00f3n\">Asistente de compras\/administraci\u00f3n<\/option><option value=\"Profesor\">Profesor<\/option><option value=\"No trabaja (estudiante\/desempleado\/jubilado)\">No trabaja (estudiante\/desempleado\/jubilado)<\/option><option value=\"Otro\">Otro<\/option><\/select><\/span>\n        <\/div>\n<div class=\"col-md-12\">\n            <span class=\"wpcf7-form-control-wrap your-comp-size\"><select name=\"your-comp-size\" class=\"wpcf7-form-control wpcf7-select wpcf7-validates-as-required\" aria-required=\"true\" aria-invalid=\"false\"><option value=\"Tama\u00f1o de la empresa*\">Tama\u00f1o de la empresa*<\/option><option value=\"1-4\">1-4<\/option><option value=\"5-10\">5-10<\/option><option value=\"11-20\">11-20<\/option><option value=\"20-50\">20-50<\/option><option value=\"51-100\">51-100<\/option><option value=\"M\u00e1s de 100\">M\u00e1s de 100<\/option><\/select><\/span>\n        <\/div>\n<div class=\"col-md-12\">\n            <span class=\"wpcf7-form-control-wrap optin-into-nl\"><select name=\"optin-into-nl\" class=\"wpcf7-form-control wpcf7-select\" aria-invalid=\"false\"><option value=\"Recibir Newsletter?\">Recibir Newsletter?<\/option><option value=\"Si\">Si<\/option><option value=\"No\">No<\/option><\/select><\/span>\n        <\/div>\n<div class=\"col-md-12\">\n            <input type=\"submit\" value=\"Recibir por email\" class=\"wpcf7-form-control wpcf7-submit\" \/>\n        <\/div>\n<p>\n            * campos obligatorios\n        <\/p>\n<p>\n            Los datos personales recogidos a trav\u00e9s de este formulario ser\u00e1n tratados por Grupo Manutan para la tramitaci\u00f3n de tu solicitud. Tienes derecho a retirar tu consentimiento en cualquier momento, sin que ello comprometa la legalidad del tratamiento realizado sobre la base del consentimiento previamente otorgado. El tratamiento de tus datos ser\u00e1 responsabilidad exclusiva del Grupo Manutan, y en ning\u00fan caso ser\u00e1n cedidos a ninguna entidad o empresa ajena al grupo para otros fines.\n        <\/p>\n<\/p><\/div>\n<\/div>\n<p><script>var brake,selliString=\"&\",selliConnectorUrl=\"https:\/\/manutaninternational.emsecure.net\/optiext\/optiextension.dll?ID=Ji6fbGXwb_NsGLB81HvM3wcRyhkLl%2BHXfE01F24KCi01oiw51cyLXDhAb0GRWAklUIASS4Hi9YMcJR\",docName=document.location.href.split(\"blog\/\")[1].split(\"\/\")[0],text=document.getElementsByClassName(\"wpcf7-form-control\"),pname=\"https:\/\/www.manutan.es\/contentMAS\/pdf\/blog\/whitepapers\/\";function setDocName(){document.getElementsByName(\"current-url\")[0].value=pname+docName+\".pdf\",document.getElementsByName(\"source-url\")[0].value=docName}function getDocDetails(e){var t=e,n=document.location.href.split(\"blog\/\")[1].split(\"\/\")[0];if(0==t)for(var l in text)text[l].value&&(\"source-url\"==text[l].name&&(text[l].value=n),selliString+=text[l].name.replaceAll(\"-\",\"_\")+\"=\"+text[l].value+\"&\"),t=1,console.log(text[l].value)}document.addEventListener(\"wpcf7mailsent\",function(e){setDocName(),getDocDetails(0),window.open(selliConnectorUrl+selliString,\"_blank\")},!1);setDocName();<\/script><\/p>\n<div class=\"wpcf7-response-output wpcf7-display-none\"><\/div><\/form><\/div><\/div>\n\t\t\t\t<\/div>\n\t\t\t\t<\/div>\n\t\t\t\t\t\t<\/div>\n\t\t\t<\/div>\n\t\t<\/div>\n\t\t\t\t\t\t<\/div>\n\t\t\t<\/div>\n\t\t<\/section>\n\t\t\t\t\t\t<\/div>\n\t\t\t<\/div>\n\t\t<\/div>\n\t\t","protected":false},"excerpt":{"rendered":"<p>Agilice su Cartera de Proveedores Un factor clave para optimizar sus compras indirectas y generar ahorros. Reducir su cartera de proveedores de compras de clase C es una garant\u00eda de &hellip; <\/p>\n<p class=\"link-more\"><a href=\"https:\/\/www.manutan.es\/blog\/agilice-cartera-proveedores\/\" class=\"more-link\">Continue reading<span class=\"screen-reader-text\"> &#8220;Agilice su Cartera de Proveedores&#8221;<\/span><\/a><\/p>\n","protected":false},"author":7,"featured_media":0,"parent":0,"menu_order":0,"comment_status":"closed","ping_status":"closed","template":"template-parts\/white_page_template.php","meta":[],"_links":{"self":[{"href":"https:\/\/www.manutan.es\/blog\/wp-json\/wp\/v2\/pages\/773"}],"collection":[{"href":"https:\/\/www.manutan.es\/blog\/wp-json\/wp\/v2\/pages"}],"about":[{"href":"https:\/\/www.manutan.es\/blog\/wp-json\/wp\/v2\/types\/page"}],"author":[{"embeddable":true,"href":"https:\/\/www.manutan.es\/blog\/wp-json\/wp\/v2\/users\/7"}],"replies":[{"embeddable":true,"href":"https:\/\/www.manutan.es\/blog\/wp-json\/wp\/v2\/comments?post=773"}],"version-history":[{"count":4,"href":"https:\/\/www.manutan.es\/blog\/wp-json\/wp\/v2\/pages\/773\/revisions"}],"predecessor-version":[{"id":1904,"href":"https:\/\/www.manutan.es\/blog\/wp-json\/wp\/v2\/pages\/773\/revisions\/1904"}],"wp:attachment":[{"href":"https:\/\/www.manutan.es\/blog\/wp-json\/wp\/v2\/media?parent=773"}],"curies":[{"name":"wp","href":"https:\/\/api.w.org\/{rel}","templated":true}]}}