{"id":1911,"date":"2022-10-11T09:56:27","date_gmt":"2022-10-11T08:56:27","guid":{"rendered":"https:\/\/www.manutan.es\/blog\/?page_id=1911"},"modified":"2022-10-11T12:38:09","modified_gmt":"2022-10-11T11:38:09","slug":"libro-blanco-la-transformacion-del-almacen-y-sus-operaciones","status":"publish","type":"page","link":"https:\/\/www.manutan.es\/blog\/libro-blanco-la-transformacion-del-almacen-y-sus-operaciones\/","title":{"rendered":"Libro Blanco: La Transformaci\u00f3n del Almac\u00e9n y sus Operaciones"},"content":{"rendered":"\t\t<div data-elementor-type=\"wp-page\" data-elementor-id=\"1911\" class=\"elementor elementor-1911\" data-elementor-settings=\"[]\">\n\t\t\t<div class=\"elementor-inner\">\n\t\t\t\t<div class=\"elementor-section-wrap\">\n\t\t\t\t\t\t\t<section class=\"elementor-element elementor-element-432255e elementor-section-boxed elementor-section-height-default elementor-section-height-default elementor-section elementor-top-section\" data-id=\"432255e\" data-element_type=\"section\">\n\t\t\t\t\t\t<div class=\"elementor-container elementor-column-gap-default\">\n\t\t\t\t<div class=\"elementor-row\">\n\t\t\t\t<div class=\"elementor-element elementor-element-3812f3a elementor-column elementor-col-50 elementor-top-column\" data-id=\"3812f3a\" data-element_type=\"column\">\n\t\t\t<div class=\"elementor-column-wrap  elementor-element-populated\">\n\t\t\t\t\t<div class=\"elementor-widget-wrap\">\n\t\t\t\t<section class=\"elementor-element elementor-element-a1db38d elementor-section-boxed elementor-section-height-default elementor-section-height-default elementor-section elementor-inner-section\" data-id=\"a1db38d\" data-element_type=\"section\">\n\t\t\t\t\t\t<div class=\"elementor-container elementor-column-gap-default\">\n\t\t\t\t<div class=\"elementor-row\">\n\t\t\t\t<div class=\"elementor-element elementor-element-dc6d147 elementor-column elementor-col-100 elementor-inner-column\" data-id=\"dc6d147\" data-element_type=\"column\">\n\t\t\t<div class=\"elementor-column-wrap  elementor-element-populated\">\n\t\t\t\t\t<div class=\"elementor-widget-wrap\">\n\t\t\t\t<div class=\"elementor-element elementor-element-f4197a0 elementor-widget elementor-widget-heading\" data-id=\"f4197a0\" data-element_type=\"widget\" data-widget_type=\"heading.default\">\n\t\t\t\t<div class=\"elementor-widget-container\">\n\t\t\t<h1 class=\"elementor-heading-title elementor-size-default\">La transformaci\u00f3n del almac\u00e9n y sus operaciones<\/h1>\t\t<\/div>\n\t\t\t\t<\/div>\n\t\t\t\t<div class=\"elementor-element elementor-element-7c80d2f elementor-widget elementor-widget-text-editor\" data-id=\"7c80d2f\" data-element_type=\"widget\" data-widget_type=\"text-editor.default\">\n\t\t\t\t<div class=\"elementor-widget-container\">\n\t\t\t\t\t<div class=\"elementor-text-editor elementor-clearfix\"><p>La digitalizaci\u00f3n y la compra de productos a trav\u00e9s del comercio electr\u00f3nico marcan la llegada del almac\u00e9n 4.0 y la transformaci\u00f3n de sus profesiones. Las empresas disponen ahora de numerosas herramientas para aumentar su eficacia y facilitar la log\u00edstica y su gesti\u00f3n.<\/p><p>El cambio en los h\u00e1bitos de consumo de los clientes est\u00e1 provocando un profundo cambio log\u00edstico en la gesti\u00f3n de los stocks. La automatizaci\u00f3n de la cadena de suministro es cada vez m\u00e1s importante en el almac\u00e9n 4.0. Muchas soluciones tecnol\u00f3gicas e inform\u00e1ticas lo permiten (SGA, ERP, etc.).Es el auge de la automatizaci\u00f3n. Los drones y los exoesqueletos tambi\u00e9n ayudan a los operarios a facilitar los inventarios y la preparaci\u00f3n de pedidos.<\/p><p>La adaptaci\u00f3n de su cadena de suministro le permitir\u00e1 responder lo mejor posible a las diversas y a veces nuevas necesidades de sus clientes. Los avances tecnol\u00f3gicos y la inversi\u00f3n en ellos hacen posible la transformaci\u00f3n de los almacenes.&nbsp;<\/p><p>A medida que el espacio de almacenamiento crece exponencialmente, pensar en la transici\u00f3n al almac\u00e9n 4.0 se convierte en algo esencial para cualquier empresa que quiera aumentar su productividad. Este libro blanco pretende familiarizarle con todas las cuestiones relacionadas con este proceso, que no debe pasarse por alto.<\/p><\/div>\n\t\t\t\t<\/div>\n\t\t\t\t<\/div>\n\t\t\t\t\t\t<\/div>\n\t\t\t<\/div>\n\t\t<\/div>\n\t\t\t\t\t\t<\/div>\n\t\t\t<\/div>\n\t\t<\/section>\n\t\t\t\t<section class=\"elementor-element elementor-element-2b6029e elementor-section-boxed elementor-section-height-default elementor-section-height-default elementor-section elementor-inner-section\" data-id=\"2b6029e\" data-element_type=\"section\">\n\t\t\t\t\t\t<div class=\"elementor-container elementor-column-gap-default\">\n\t\t\t\t<div class=\"elementor-row\">\n\t\t\t\t<div class=\"elementor-element elementor-element-5a66d26 elementor-column elementor-col-100 elementor-inner-column\" data-id=\"5a66d26\" data-element_type=\"column\">\n\t\t\t<div class=\"elementor-column-wrap  elementor-element-populated\">\n\t\t\t\t\t<div class=\"elementor-widget-wrap\">\n\t\t\t\t<div class=\"elementor-element elementor-element-076cd6e elementor-widget elementor-widget-spacer\" data-id=\"076cd6e\" data-element_type=\"widget\" data-widget_type=\"spacer.default\">\n\t\t\t\t<div class=\"elementor-widget-container\">\n\t\t\t\t\t<div class=\"elementor-spacer\">\n\t\t\t<div class=\"elementor-spacer-inner\"><\/div>\n\t\t<\/div>\n\t\t\t\t<\/div>\n\t\t\t\t<\/div>\n\t\t\t\t<div class=\"elementor-element elementor-element-89ae3d2 elementor-widget elementor-widget-image\" data-id=\"89ae3d2\" data-element_type=\"widget\" data-widget_type=\"image.default\">\n\t\t\t\t<div class=\"elementor-widget-container\">\n\t\t\t\t\t<div class=\"elementor-image\">\n\t\t\t\t\t\t\t\t\t\t<img width=\"525\" height=\"397\" src=\"https:\/\/www.manutan.es\/blog\/wp-content\/uploads\/2022\/10\/mockup_LB_Transformation-Warehouse_ES-1024x775.png\" class=\"attachment-large size-large\" alt=\"Almac\u00e9n\" loading=\"lazy\" srcset=\"https:\/\/www.manutan.es\/blog\/wp-content\/uploads\/2022\/10\/mockup_LB_Transformation-Warehouse_ES-1024x775.png 1024w, https:\/\/www.manutan.es\/blog\/wp-content\/uploads\/2022\/10\/mockup_LB_Transformation-Warehouse_ES-300x227.png 300w, https:\/\/www.manutan.es\/blog\/wp-content\/uploads\/2022\/10\/mockup_LB_Transformation-Warehouse_ES-768x581.png 768w, https:\/\/www.manutan.es\/blog\/wp-content\/uploads\/2022\/10\/mockup_LB_Transformation-Warehouse_ES-1536x1162.png 1536w, https:\/\/www.manutan.es\/blog\/wp-content\/uploads\/2022\/10\/mockup_LB_Transformation-Warehouse_ES.png 2000w\" sizes=\"100vw\" \/>\t\t\t\t\t\t\t\t\t\t\t<\/div>\n\t\t\t\t<\/div>\n\t\t\t\t<\/div>\n\t\t\t\t\t\t<\/div>\n\t\t\t<\/div>\n\t\t<\/div>\n\t\t\t\t\t\t<\/div>\n\t\t\t<\/div>\n\t\t<\/section>\n\t\t\t\t\t\t<\/div>\n\t\t\t<\/div>\n\t\t<\/div>\n\t\t\t\t<div class=\"elementor-element elementor-element-8a1a63f elementor-column elementor-col-50 elementor-top-column\" data-id=\"8a1a63f\" data-element_type=\"column\">\n\t\t\t<div class=\"elementor-column-wrap  elementor-element-populated\">\n\t\t\t\t\t<div class=\"elementor-widget-wrap\">\n\t\t\t\t<div class=\"elementor-element elementor-element-2a0d4f4 contact-form-white-pages elementor-widget elementor-widget-shortcode\" data-id=\"2a0d4f4\" data-element_type=\"widget\" data-widget_type=\"shortcode.default\">\n\t\t\t\t<div class=\"elementor-widget-container\">\n\t\t\t\t\t<div class=\"elementor-shortcode\"><div role=\"form\" class=\"wpcf7\" id=\"wpcf7-f160-o1\" lang=\"en-GB\" dir=\"ltr\">\n<div class=\"screen-reader-response\"><\/div>\n<form action=\"\/blog\/wp-json\/wp\/v2\/pages\/1911#wpcf7-f160-o1\" method=\"post\" class=\"wpcf7-form\" novalidate=\"novalidate\">\n<div style=\"display: none;\">\n<input type=\"hidden\" name=\"_wpcf7\" value=\"160\" \/>\n<input type=\"hidden\" name=\"_wpcf7_version\" value=\"5.1.5\" \/>\n<input type=\"hidden\" name=\"_wpcf7_locale\" value=\"en_GB\" \/>\n<input type=\"hidden\" name=\"_wpcf7_unit_tag\" value=\"wpcf7-f160-o1\" \/>\n<input type=\"hidden\" name=\"_wpcf7_container_post\" value=\"0\" \/>\n<\/div>\n<div class=\"row\">\n<div class=\"white-paper-container-bg\">\n<div style=\"display: none;\">\n<\/div>\n<div class=\"col-md-12\">\n<h2>Haz el download gratis:<\/h2>\n<\/p><\/div>\n<div class=\"col-md-12\">\n<input type=\"hidden\" name=\"current-url\" value=\"\" class=\"wpcf7-form-control wpcf7-hidden\" \/><\/div>\n<div class=\"col-md-12\">\n<input type=\"hidden\" name=\"source-url\" value=\"\" class=\"wpcf7-form-control wpcf7-hidden\" \/><\/div>\n<div class=\"col-md-12\">\n<input type=\"hidden\" name=\"sisco-id\" value=\"ES1\" class=\"wpcf7-form-control wpcf7-hidden\" \/><\/div>\n<div class=\"col-md-12\">\n<input type=\"hidden\" name=\"sisco-mail\" value=\"alexandra.costa@manutan.pt\" class=\"wpcf7-form-control wpcf7-hidden\" \/><\/div>\n<div class=\"col-md-12\">\n            <span class=\"wpcf7-form-control-wrap your-name\"><input type=\"text\" name=\"your-name\" value=\"\" size=\"40\" class=\"wpcf7-form-control wpcf7-text wpcf7-validates-as-required\" aria-required=\"true\" aria-invalid=\"false\" placeholder=\"Nombre*\" \/><\/span>\n        <\/div>\n<div class=\"col-md-12\">\n            <span class=\"wpcf7-form-control-wrap your-surname\"><input type=\"text\" name=\"your-surname\" value=\"\" size=\"40\" class=\"wpcf7-form-control wpcf7-text wpcf7-validates-as-required\" aria-required=\"true\" aria-invalid=\"false\" placeholder=\"Apellido*\" \/><\/span>\n        <\/div>\n<div class=\"col-md-12\">\n            <span class=\"wpcf7-form-control-wrap your-company\"><input type=\"text\" name=\"your-company\" value=\"\" size=\"40\" class=\"wpcf7-form-control wpcf7-text wpcf7-validates-as-required\" aria-required=\"true\" aria-invalid=\"false\" placeholder=\"Empresa*\" \/><\/span>\n        <\/div>\n<div class=\"col-md-12\">\n            <span class=\"wpcf7-form-control-wrap your-email\"><input type=\"email\" name=\"your-email\" value=\"\" size=\"40\" class=\"wpcf7-form-control wpcf7-text wpcf7-email wpcf7-validates-as-required wpcf7-validates-as-email\" aria-required=\"true\" aria-invalid=\"false\" placeholder=\"Correo Electr\u00f3nico*\" \/><\/span>\n        <\/div>\n<div class=\"col-md-12\">\n            <span class=\"wpcf7-form-control-wrap your-phone\"><input type=\"tel\" name=\"your-phone\" value=\"\" size=\"40\" maxlength=\"9\" minlength=\"9\" class=\"wpcf7-form-control wpcf7-text wpcf7-tel wpcf7-validates-as-required wpcf7-validates-as-tel\" aria-required=\"true\" aria-invalid=\"false\" placeholder=\"Tel\u00e9fono*\" \/><\/span>\n        <\/div>\n<div class=\"col-md-12\">\n            <span class=\"wpcf7-form-control-wrap your-function\"><select name=\"your-function\" class=\"wpcf7-form-control wpcf7-select wpcf7-validates-as-required\" aria-required=\"true\" aria-invalid=\"false\"><option value=\"Funci\u00f3n*\">Funci\u00f3n*<\/option><option value=\"Diretor Geral\">Diretor Geral<\/option><option value=\"Director administrativo o financiero\">Director administrativo o financiero<\/option><option value=\"Diretor de compras\">Diretor de compras<\/option><option value=\"Jefe de departamento\">Jefe de departamento<\/option><option value=\"Jefe de Proyecto\">Jefe de Proyecto<\/option><option value=\"Asistente de compras\/administraci\u00f3n\">Asistente de compras\/administraci\u00f3n<\/option><option value=\"Profesor\">Profesor<\/option><option value=\"No trabaja (estudiante\/desempleado\/jubilado)\">No trabaja (estudiante\/desempleado\/jubilado)<\/option><option value=\"Otro\">Otro<\/option><\/select><\/span>\n        <\/div>\n<div class=\"col-md-12\">\n            <span class=\"wpcf7-form-control-wrap your-comp-size\"><select name=\"your-comp-size\" class=\"wpcf7-form-control wpcf7-select wpcf7-validates-as-required\" aria-required=\"true\" aria-invalid=\"false\"><option value=\"Tama\u00f1o de la empresa*\">Tama\u00f1o de la empresa*<\/option><option value=\"1-4\">1-4<\/option><option value=\"5-10\">5-10<\/option><option value=\"11-20\">11-20<\/option><option value=\"20-50\">20-50<\/option><option value=\"51-100\">51-100<\/option><option value=\"M\u00e1s de 100\">M\u00e1s de 100<\/option><\/select><\/span>\n        <\/div>\n<div class=\"col-md-12\">\n            <span class=\"wpcf7-form-control-wrap optin-into-nl\"><select name=\"optin-into-nl\" class=\"wpcf7-form-control wpcf7-select\" aria-invalid=\"false\"><option value=\"Recibir Newsletter?\">Recibir Newsletter?<\/option><option value=\"Si\">Si<\/option><option value=\"No\">No<\/option><\/select><\/span>\n        <\/div>\n<div class=\"col-md-12\">\n            <input type=\"submit\" value=\"Recibir por email\" class=\"wpcf7-form-control wpcf7-submit\" \/>\n        <\/div>\n<p>\n            * campos obligatorios\n        <\/p>\n<p>\n            Los datos personales recogidos a trav\u00e9s de este formulario ser\u00e1n tratados por Grupo Manutan para la tramitaci\u00f3n de tu solicitud. Tienes derecho a retirar tu consentimiento en cualquier momento, sin que ello comprometa la legalidad del tratamiento realizado sobre la base del consentimiento previamente otorgado. El tratamiento de tus datos ser\u00e1 responsabilidad exclusiva del Grupo Manutan, y en ning\u00fan caso ser\u00e1n cedidos a ninguna entidad o empresa ajena al grupo para otros fines.\n        <\/p>\n<\/p><\/div>\n<\/div>\n<p><script>var brake,selliString=\"&\",selliConnectorUrl=\"https:\/\/manutaninternational.emsecure.net\/optiext\/optiextension.dll?ID=Ji6fbGXwb_NsGLB81HvM3wcRyhkLl%2BHXfE01F24KCi01oiw51cyLXDhAb0GRWAklUIASS4Hi9YMcJR\",docName=document.location.href.split(\"blog\/\")[1].split(\"\/\")[0],text=document.getElementsByClassName(\"wpcf7-form-control\"),pname=\"https:\/\/www.manutan.es\/contentMAS\/pdf\/blog\/whitepapers\/\";function setDocName(){document.getElementsByName(\"current-url\")[0].value=pname+docName+\".pdf\",document.getElementsByName(\"source-url\")[0].value=docName}function getDocDetails(e){var t=e,n=document.location.href.split(\"blog\/\")[1].split(\"\/\")[0];if(0==t)for(var l in text)text[l].value&&(\"source-url\"==text[l].name&&(text[l].value=n),selliString+=text[l].name.replaceAll(\"-\",\"_\")+\"=\"+text[l].value+\"&\"),t=1,console.log(text[l].value)}document.addEventListener(\"wpcf7mailsent\",function(e){setDocName(),getDocDetails(0),window.open(selliConnectorUrl+selliString,\"_blank\")},!1);setDocName();<\/script><\/p>\n<div class=\"wpcf7-response-output wpcf7-display-none\"><\/div><\/form><\/div><\/div>\n\t\t\t\t<\/div>\n\t\t\t\t<\/div>\n\t\t\t\t\t\t<\/div>\n\t\t\t<\/div>\n\t\t<\/div>\n\t\t\t\t\t\t<\/div>\n\t\t\t<\/div>\n\t\t<\/section>\n\t\t\t\t\t\t<\/div>\n\t\t\t<\/div>\n\t\t<\/div>\n\t\t","protected":false},"excerpt":{"rendered":"<p>La transformaci\u00f3n del almac\u00e9n y sus operaciones La digitalizaci\u00f3n y la compra de productos a trav\u00e9s del comercio electr\u00f3nico marcan la llegada del almac\u00e9n 4.0 y la transformaci\u00f3n de sus &hellip; <\/p>\n<p class=\"link-more\"><a href=\"https:\/\/www.manutan.es\/blog\/libro-blanco-la-transformacion-del-almacen-y-sus-operaciones\/\" class=\"more-link\">Continue reading<span class=\"screen-reader-text\"> &#8220;Libro Blanco: La Transformaci\u00f3n del Almac\u00e9n y sus Operaciones&#8221;<\/span><\/a><\/p>\n","protected":false},"author":1,"featured_media":1917,"parent":0,"menu_order":0,"comment_status":"closed","ping_status":"closed","template":"template-parts\/white_page_template.php","meta":[],"_links":{"self":[{"href":"https:\/\/www.manutan.es\/blog\/wp-json\/wp\/v2\/pages\/1911"}],"collection":[{"href":"https:\/\/www.manutan.es\/blog\/wp-json\/wp\/v2\/pages"}],"about":[{"href":"https:\/\/www.manutan.es\/blog\/wp-json\/wp\/v2\/types\/page"}],"author":[{"embeddable":true,"href":"https:\/\/www.manutan.es\/blog\/wp-json\/wp\/v2\/users\/1"}],"replies":[{"embeddable":true,"href":"https:\/\/www.manutan.es\/blog\/wp-json\/wp\/v2\/comments?post=1911"}],"version-history":[{"count":4,"href":"https:\/\/www.manutan.es\/blog\/wp-json\/wp\/v2\/pages\/1911\/revisions"}],"predecessor-version":[{"id":1918,"href":"https:\/\/www.manutan.es\/blog\/wp-json\/wp\/v2\/pages\/1911\/revisions\/1918"}],"wp:featuredmedia":[{"embeddable":true,"href":"https:\/\/www.manutan.es\/blog\/wp-json\/wp\/v2\/media\/1917"}],"wp:attachment":[{"href":"https:\/\/www.manutan.es\/blog\/wp-json\/wp\/v2\/media?parent=1911"}],"curies":[{"name":"wp","href":"https:\/\/api.w.org\/{rel}","templated":true}]}}